{"id":58,"date":"2017-01-31T17:32:44","date_gmt":"2017-01-31T16:32:44","guid":{"rendered":"https:\/\/www.jardin-essai.com\/?page_id=58"},"modified":"2017-04-07T10:23:13","modified_gmt":"2017-04-07T08:23:13","slug":"contact","status":"publish","type":"page","link":"https:\/\/www.jardin-essai.com\/index.php\/contact\/","title":{"rendered":"Contact"},"content":{"rendered":"<p>Le Blog \u00ab\u00a0Le Jardin d&rsquo;Essai\u00a0\u00bb est une r\u00e9alisation de l&rsquo;entreprise <del>La Bonne Graine<\/del>, soci\u00e9t\u00e9 enregistr\u00e9e au registre du commerce d&rsquo;Angers sous les coordonn\u00e9es suivantes :<\/p>\n<p>SARL LBG 49<\/p>\n<p>SIRET : 813 218 658<\/p>\n<p>36, rue de la Boulaie<\/p>\n<p>49540 Tign\u00e9<\/p>\n<p>Nous sommes joignables par email : <a href=\"mailto:info@labonnegraine.com\" target=\"_blank\">info@labonnegraine.com<\/a><\/p>\n","protected":false},"excerpt":{"rendered":"<p>Le Blog \u00ab\u00a0Le Jardin d&rsquo;Essai\u00a0\u00bb est une r\u00e9alisation de l&rsquo;entreprise La Bonne Graine, soci\u00e9t\u00e9 enregistr\u00e9e au registre du commerce d&rsquo;Angers sous les coordonn\u00e9es suivantes : SARL LBG 49 SIRET : 813 218 658 36, rue de la Boulaie 49540 Tign\u00e9 Nous sommes joignables par email : info@labonnegraine.com<\/p>\n","protected":false},"author":1,"featured_media":0,"parent":0,"menu_order":0,"comment_status":"closed","ping_status":"closed","template":"","meta":[],"_links":{"self":[{"href":"https:\/\/www.jardin-essai.com\/index.php\/wp-json\/wp\/v2\/pages\/58"}],"collection":[{"href":"https:\/\/www.jardin-essai.com\/index.php\/wp-json\/wp\/v2\/pages"}],"about":[{"href":"https:\/\/www.jardin-essai.com\/index.php\/wp-json\/wp\/v2\/types\/page"}],"author":[{"embeddable":true,"href":"https:\/\/www.jardin-essai.com\/index.php\/wp-json\/wp\/v2\/users\/1"}],"replies":[{"embeddable":true,"href":"https:\/\/www.jardin-essai.com\/index.php\/wp-json\/wp\/v2\/comments?post=58"}],"version-history":[{"count":8,"href":"https:\/\/www.jardin-essai.com\/index.php\/wp-json\/wp\/v2\/pages\/58\/revisions"}],"predecessor-version":[{"id":436,"href":"https:\/\/www.jardin-essai.com\/index.php\/wp-json\/wp\/v2\/pages\/58\/revisions\/436"}],"wp:attachment":[{"href":"https:\/\/www.jardin-essai.com\/index.php\/wp-json\/wp\/v2\/media?parent=58"}],"curies":[{"name":"wp","href":"https:\/\/api.w.org\/{rel}","templated":true}]}}